{"id":707,"date":"2022-06-11T16:46:42","date_gmt":"2022-06-11T14:46:42","guid":{"rendered":"https:\/\/verlustsache-fqa.rubicon.eu\/?page_id=707"},"modified":"2026-01-13T13:10:47","modified_gmt":"2026-01-13T12:10:47","slug":"etwas-verloren","status":"publish","type":"page","link":"https:\/\/verlustsache-fqa.rubicon.eu\/it\/etwas-verloren\/","title":{"rendered":"Qualcosa di perso"},"content":{"rendered":"<div data-elementor-type=\"wp-page\" data-elementor-id=\"707\" class=\"elementor elementor-707\">\n\t\t\t\t\t\t\t<div class=\"elementor-element elementor-element-6177f65 e-container--column e-container\" data-id=\"6177f65\" data-element_type=\"container\">\t\t\t\t<div class=\"elementor-element elementor-element-f9241e9 elementor-widget elementor-widget-heading\" data-id=\"f9241e9\" data-element_type=\"widget\" data-widget_type=\"heading.default\">\n\t\t\t\t<div class=\"elementor-widget-container\">\n\t\t\t<style>\/*! elementor - v3.6.7 - 03-07-2022 *\/\n.elementor-heading-title{padding:0;margin:0;line-height:1}.elementor-widget-heading .elementor-heading-title[class*=elementor-size-]>a{color:inherit;font-size:inherit;line-height:inherit}.elementor-widget-heading .elementor-heading-title.elementor-size-small{font-size:15px}.elementor-widget-heading .elementor-heading-title.elementor-size-medium{font-size:19px}.elementor-widget-heading .elementor-heading-title.elementor-size-large{font-size:29px}.elementor-widget-heading .elementor-heading-title.elementor-size-xl{font-size:39px}.elementor-widget-heading .elementor-heading-title.elementor-size-xxl{font-size:59px}<\/style><h1 class=\"elementor-heading-title elementor-size-default\">Avete perso qualcosa?<\/h1>\t\t<\/div>\n\t\t\t\t<\/div>\n\t\t\t\t<div class=\"elementor-element elementor-element-37987aa elementor-widget elementor-widget-text-editor\" data-id=\"37987aa\" data-element_type=\"widget\" data-widget_type=\"text-editor.default\">\n\t\t\t\t<div class=\"elementor-widget-container\">\n\t\t\t<style>\/*! elementor - v3.6.7 - 03-07-2022 *\/\n.elementor-widget-text-editor.elementor-drop-cap-view-stacked .elementor-drop-cap{background-color:#818a91;color:#fff}.elementor-widget-text-editor.elementor-drop-cap-view-framed .elementor-drop-cap{color:#818a91;border:3px solid;background-color:transparent}.elementor-widget-text-editor:not(.elementor-drop-cap-view-default) .elementor-drop-cap{margin-top:8px}.elementor-widget-text-editor:not(.elementor-drop-cap-view-default) .elementor-drop-cap-letter{width:1em;height:1em}.elementor-widget-text-editor .elementor-drop-cap{float:left;text-align:center;line-height:1;font-size:50px}.elementor-widget-text-editor .elementor-drop-cap-letter{display:inline-block}<\/style>\t\t\t\t<div class=\"ql-block\" data-block-id=\"block-c414e444-a39d-4150-a57f-175daa3c60dd\">Presentate qui la vostra denuncia di smarrimento. L'ufficio oggetti smarriti vi informer\u00e0 se il vostro oggetto \u00e8 stato consegnato. Non disperate se il vostro articolo non \u00e8 nella lista: spesso ci vogliono alcuni giorni! La probabilit\u00e0 \u00e8 massima nei primi 4-5 giorni.<\/div>\t\t\t\t\t\t<\/div>\n\t\t\t\t<\/div>\n\t\t<\/div><div class=\"elementor-element elementor-element-ec97ba1 e-container--column e-container\" data-id=\"ec97ba1\" data-element_type=\"container\">\t\t\t\t<div class=\"elementor-element elementor-element-e9d217d elementor-widget elementor-widget-html\" data-id=\"e9d217d\" data-element_type=\"widget\" data-widget_type=\"html.default\">\n\t\t\t\t<div class=\"elementor-widget-container\">\n\t\t\t<style>\r\n  iframe {\r\n    width: 1px;\r\n    min-width: 100%;\r\n  }\r\n<\/style>\r\n<script src=\"\/wp-content\/themes\/hello-theme-child\/iframeResizer.min.js\"><\/script>\r\n<div id=\"iframe-container\">\r\n    <iframe title=\"Nova Find Fundservice\" id=\"novaFind\" style=\"overflow: hidden; height: 545px;\" scrolling=\"no\"><\/iframe>\r\n<\/div>\r\n\r\n<script>\r\n    function setupNovaFindIframe({ createUrl, checkOrigin }) {\r\n      window.addEventListener(\"DOMContentLoaded\", function () {\r\n        const language = (document.documentElement.lang || \"de\").substring(0, 2);\r\n        const baseUrl = new URL(createUrl);\r\n        baseUrl.searchParams.set(\"cultureName\", language);\r\n    \r\n        const urlParams = new URLSearchParams(window.location.search);\r\n    \r\n        function appendParamIfExists(paramName) {\r\n          const value = urlParams.get(paramName);\r\n          if (value !== null) {\r\n            baseUrl.searchParams.append(paramName, value);\r\n          }\r\n        }\r\n    \r\n        const paramsToForward = [\r\n          \"novaFindTenantID\",\r\n          \"callbackUrl\",\r\n          \"novaFindUser\",\r\n          \"novaFindUsername\"\r\n        ];\r\n        paramsToForward.forEach(appendParamIfExists);\r\n    \r\n        const iFrame = document.getElementById(\"novaFind\");\r\n        if (iFrame) {\r\n          iFrame.src = baseUrl.toString();\r\n    \r\n          iFrameResize({\r\n            log: false,\r\n            checkOrigin: checkOrigin,\r\n            heightCalculationMethod: \"taggedElement\",\r\n            warningTimeout: 0 \/\/ disables the \"not responded\" warning\r\n          }, '#novaFind');\r\n        } else {\r\n          console.warn(\"iFrame with id 'novaFind' was not found.\");\r\n        }\r\n      });\r\n    }\r\n    \r\n    setupNovaFindIframe({\r\n      createUrl: \"https:\/\/db-iqa.int.rubicon-it.com\/home\/db\/db\/app\/?headingBaseLevel=2\",\r\n      checkOrigin: [\r\n        \"https:\/\/db-iqa.int.rubicon-it.com\",\r\n        \"https:\/\/iqa.fundinfo.novafind.eu\",\r\n        \"https:\/\/verlustsache-fqa.rubicon.eu\",\r\n        \"https:\/\/fundinfo.novafind.eu\",\r\n        \"https:\/\/www.verlustsache.de\/\",\r\n        \"https:\/\/verlustsache.de\/\"\r\n      ]\r\n    });\r\n\r\n<\/script>\r\n\t\t<\/div>\n\t\t\t\t<\/div>\n\t\t<\/div><div class=\"elementor-element elementor-element-13d64ad e-container--row e-container\" data-id=\"13d64ad\" data-element_type=\"container\">\t\t<div class=\"elementor-element elementor-element-a5a1422 e-container--column e-container\" data-id=\"a5a1422\" data-element_type=\"container\" data-settings=\"{&quot;background_background&quot;:&quot;classic&quot;}\">\t\t\t\t<div class=\"elementor-element elementor-element-bb456ed elementor-widget__width-auto elementor-widget elementor-widget-text-editor\" data-id=\"bb456ed\" data-element_type=\"widget\" data-widget_type=\"text-editor.default\">\n\t\t\t\t<div class=\"elementor-widget-container\">\n\t\t\t\t\t\t\t<p>Ti manca qualcosa? Cosa fare?<\/p>\t\t\t\t\t\t<\/div>\n\t\t\t\t<\/div>\n\t\t\t\t<div class=\"elementor-element elementor-element-e21321f elementor-widget__width-initial elementor-widget elementor-widget-button\" data-id=\"e21321f\" data-element_type=\"widget\" data-widget_type=\"button.default\">\n\t\t\t\t<div class=\"elementor-widget-container\">\n\t\t\t\t\t<div class=\"elementor-button-wrapper\">\n\t\t\t<a href=\"https:\/\/www.youtube.com\/watch?v=xel0tP2YVVI&amp;t=6s\" target=\"_blank\" class=\"elementor-button-link elementor-button elementor-size-sm\" role=\"button\">\n\t\t\t\t\t\t<span class=\"elementor-button-content-wrapper\">\n\t\t\t\t\t\t\t<span class=\"elementor-button-icon elementor-align-icon-left\">\n\t\t\t\t<i aria-hidden=\"true\" class=\"far fa-play-circle\"><\/i>\t\t\t<\/span>\n\t\t\t\t\t\t<span class=\"elementor-button-text\">Guarda il video<\/span>\n\t\t<\/span>\n\t\t\t\t\t<\/a>\n\t\t<\/div>\n\t\t\t\t<\/div>\n\t\t\t\t<\/div>\n\t\t<\/div><div class=\"elementor-element elementor-element-b3fe967 e-container--column e-container\" data-id=\"b3fe967\" data-element_type=\"container\" data-settings=\"{&quot;background_background&quot;:&quot;classic&quot;}\">\t\t\t\t<div class=\"elementor-element elementor-element-137164a elementor-widget__width-auto elementor-widget elementor-widget-text-editor\" data-id=\"137164a\" data-element_type=\"widget\" data-widget_type=\"text-editor.default\">\n\t\t\t\t<div class=\"elementor-widget-container\">\n\t\t\t\t\t\t\t<p>Avete bisogno di aiuto per l'inserimento dei dati?<\/p>\t\t\t\t\t\t<\/div>\n\t\t\t\t<\/div>\n\t\t\t\t<div class=\"elementor-element elementor-element-f061f8a elementor-widget__width-initial elementor-widget elementor-widget-button\" data-id=\"f061f8a\" data-element_type=\"widget\" data-widget_type=\"button.default\">\n\t\t\t\t<div class=\"elementor-widget-container\">\n\t\t\t\t\t<div class=\"elementor-button-wrapper\">\n\t\t\t<a href=\"https:\/\/fqa-verlustsache-de.int.rubicon-it.com\/kontakt\/\" class=\"elementor-button-link elementor-button elementor-size-md\" role=\"button\">\n\t\t\t\t\t\t<span class=\"elementor-button-content-wrapper\">\n\t\t\t\t\t\t\t<span class=\"elementor-button-icon elementor-align-icon-left\">\n\t\t\t\t<i aria-hidden=\"true\" class=\"far fa-envelope\"><\/i>\t\t\t<\/span>\n\t\t\t\t\t\t<span class=\"elementor-button-text\">Contattateci!<\/span>\n\t\t<\/span>\n\t\t\t\t\t<\/a>\n\t\t<\/div>\n\t\t\t\t<\/div>\n\t\t\t\t<\/div>\n\t\t<\/div><div class=\"elementor-element elementor-element-12e1bbe e-container--column e-container\" data-id=\"12e1bbe\" data-element_type=\"container\" data-settings=\"{&quot;background_background&quot;:&quot;classic&quot;}\">\t\t\t\t<div class=\"elementor-element elementor-element-b86708b elementor-widget__width-auto elementor-widget elementor-widget-text-editor\" data-id=\"b86708b\" data-element_type=\"widget\" data-widget_type=\"text-editor.default\">\n\t\t\t\t<div class=\"elementor-widget-container\">\n\t\t\t\t\t\t\t<p>Cercate un ufficio oggetti smarriti vicino a voi<\/p>\t\t\t\t\t\t<\/div>\n\t\t\t\t<\/div>\n\t\t\t\t<div class=\"elementor-element elementor-element-21e3251 elementor-widget__width-initial elementor-widget elementor-widget-button\" data-id=\"21e3251\" data-element_type=\"widget\" data-widget_type=\"button.default\">\n\t\t\t\t<div class=\"elementor-widget-container\">\n\t\t\t\t\t<div class=\"elementor-button-wrapper\">\n\t\t\t<a href=\"https:\/\/verlustsache-fqa.rubicon.eu\/it\/etwas-gefunden\/\" class=\"elementor-button-link elementor-button elementor-size-sm\" role=\"button\">\n\t\t\t\t\t\t<span class=\"elementor-button-content-wrapper\">\n\t\t\t\t\t\t\t<span class=\"elementor-button-icon elementor-align-icon-right\">\n\t\t\t\t<svg xmlns=\"http:\/\/www.w3.org\/2000\/svg\" tabindex=\"0\" viewbox=\"0 0 15.944 14.981\"><path d=\"M.75 6.741h14.444a.75.75 0 0 1 .75.75.75.75 0 0 1-.75.75H.75a.75.75 0 0 1-.75-.75.75.75 0 0 1 .75-.75Z\" class=\"a\"\/><path d=\"M8.453.001a.748.748 0 0 1 .53.22l6.741 6.74a.75.75 0 0 1 0 1.061l-6.74 6.74a.75.75 0 0 1-1.061 0 .75.75 0 0 1 0-1.061l6.21-6.21-6.21-6.21a.75.75 0 0 1 .53-1.28Z\" class=\"a\"\/><\/svg>\t\t\t<\/span>\n\t\t\t\t\t\t<span class=\"elementor-button-text\">Ricerca di un ufficio oggetti smarriti<\/span>\n\t\t<\/span>\n\t\t\t\t\t<\/a>\n\t\t<\/div>\n\t\t\t\t<\/div>\n\t\t\t\t<\/div>\n\t\t<\/div><\/div>\t\t\t\t\t<\/div>","protected":false},"excerpt":{"rendered":"<p>Sie haben etwas verloren? Geben Sie hier Ihre Verlustanzeige auf. Das Fundb\u00fcro informiert Sie, falls Ihr Gegenstand abgegeben wird. Nicht verzagen, wenn Ihr Gegenstand nicht in der Liste ist \u2013 oft kann es ein paar Tage dauern! Die Wahrscheinlichkeit ist in den ersten 4-5 Tagen am gr\u00f6\u00dften. Du vermisst etwas? Was tun? Video ansehen Brauchen [&hellip;]<\/p>","protected":false},"author":1,"featured_media":0,"parent":0,"menu_order":0,"comment_status":"closed","ping_status":"closed","template":"elementor_header_footer","meta":[],"_links":{"self":[{"href":"https:\/\/verlustsache-fqa.rubicon.eu\/it\/wp-json\/wp\/v2\/pages\/707"}],"collection":[{"href":"https:\/\/verlustsache-fqa.rubicon.eu\/it\/wp-json\/wp\/v2\/pages"}],"about":[{"href":"https:\/\/verlustsache-fqa.rubicon.eu\/it\/wp-json\/wp\/v2\/types\/page"}],"author":[{"embeddable":true,"href":"https:\/\/verlustsache-fqa.rubicon.eu\/it\/wp-json\/wp\/v2\/users\/1"}],"replies":[{"embeddable":true,"href":"https:\/\/verlustsache-fqa.rubicon.eu\/it\/wp-json\/wp\/v2\/comments?post=707"}],"version-history":[{"count":108,"href":"https:\/\/verlustsache-fqa.rubicon.eu\/it\/wp-json\/wp\/v2\/pages\/707\/revisions"}],"predecessor-version":[{"id":1134,"href":"https:\/\/verlustsache-fqa.rubicon.eu\/it\/wp-json\/wp\/v2\/pages\/707\/revisions\/1134"}],"wp:attachment":[{"href":"https:\/\/verlustsache-fqa.rubicon.eu\/it\/wp-json\/wp\/v2\/media?parent=707"}],"curies":[{"name":"wp","href":"https:\/\/api.w.org\/{rel}","templated":true}]}}