{"id":3,"date":"2022-05-10T09:36:38","date_gmt":"2022-05-10T07:36:38","guid":{"rendered":"https:\/\/verlustsache-fqa.rubicon.eu\/?page_id=3"},"modified":"2022-08-01T10:12:50","modified_gmt":"2022-08-01T08:12:50","slug":"datenschutz","status":"publish","type":"page","link":"https:\/\/verlustsache-fqa.rubicon.eu\/it\/datenschutz\/","title":{"rendered":"Protezione dei dati"},"content":{"rendered":"<p>La protezione della sua privacy e dei suoi dati personali \u00e8 molto importante per noi. Nelle sezioni seguenti, sarete informati su tutte le operazioni di trattamento dei dati che hanno luogo sul nostro sito web.<\/p>\n\n\n\n<h2>Chi \u00e8 responsabile del trattamento dei suoi dati?<\/h2>\n\n\n\n<p>Tutti i dati elaborati in relazione alla sua visita al nostro sito web sono di responsabilit\u00e0 di:<\/p>\n\n\n\n<p><strong>RUBICON IT GmbH<\/strong><br>Gonzagagasse 16<br>1010 Vienna<br>Austria<\/p>\n\n\n\n<p>E-Mail:&nbsp;<a href=\"mailto:datenschutz@rubicon.eu\">datenschutz@rubicon.eu<\/a><\/p>\n\n\n\n<p>Numero nel registro delle imprese: FN 216900x<br>Tribunale del registro delle imprese: Handelsgericht Wien<br>UID: ATU53027200<\/p>\n\n\n\n<h2>Quali dati vengono trattati?<\/h2>\n\n\n\n<p>Le seguenti sezioni vi danno una vista dei dati personali che trattiamo sul nostro sito web e la base giuridica del trattamento.<\/p>\n\n\n\n<h3>Notifica di smarrimento<\/h3>\n\n\n\n<p>Nel corso della creazione di una notifica di smarrimento, lei ci fornisce dei dati personali che noi trattiamo esclusivamente allo scopo di fornire il servizio:<\/p>\n\n\n\n<ul><li>Nome e cognome<\/li><li>Indirizzo<\/li><li>Indirizzo e-Mail<\/li><li>Lingua preferita<\/li><li>Numero di telefono (opzionale)<\/li><li>Dettagli dell'oggetto smarrito contenenti dati personali (ad esempio data\/anno di nascita, numero di carta d'identit\u00e0, numero di carta bancomat, numero di assicurazione nazionale, ecc.)<\/li><\/ul>\n\n\n\n<p>Una parte essenziale del servizio \u00e8 il trasferimento dei suoi dati agli uffici pubblici degli oggetti smarriti in Germania (comuni, citt\u00e0). Possono utilizzare i dati solo per adempiere ai compiti legali di un ufficio oggetti smarriti, per notificarle il ritrovamento e per consegnarle l'oggetto.<\/p>\n\n\n\n<p>Se Lei ha acconsentito ulteriormente, i Suoi dati vengono trasmessi anche a organizzazioni private di servizi per gli oggetti smarriti (ad esempio aziende di trasporto e aeroporti) e alle autorit\u00e0 competenti per gli oggetti smarriti in altri paesi europei. Queste organizzazioni o autorit\u00e0 per gli oggetti smarriti possono anche utilizzare i dati solo per notificarle il ritrovamento e per consegnarle l\u2019oggetto. &nbsp;<\/p>\n\n\n\n<p>I dati saranno conservati per 12 mesi per questi scopi in conformit\u00e0 con l'Art 6 Para 1 lit a e b RGPD.<\/p>\n\n\n\n<h3>Rapporto di ritrovamento<\/h3>\n\n\n\n<p>Se Lei ha trovato un articolo easyfind, puoi contattare il perdente tramite il nostro sito web. A tal fine, il suo nome e cognome e il suo numero di telefono o il suo indirizzo e-mail saranno inoltrati una volta alla persona registrata con il codice easyfind. Questo \u00e8 possibile solo con il vostro consenso. I suoi dati personali non vengono memorizzati su verlustsache.de o easyfind n\u00e9 utilizzati per altri scopi pubblicitari.<\/p>\n\n\n\n<h3>Server Logfiles<\/h3>\n\n\n\n<p>Per garantire la sicurezza e la funzionalit\u00e0 dei nostri siti web, abbiamo bisogno di raccogliere e valutare i dati di accesso (sito web visitato, tempo di accesso, browser, sistema operativo, indirizzo IP). Nel caso di un incidente di sicurezza, questi dati vengono utilizzati per determinare ed eliminare la causa. I dati sono conservati a questo scopo per 12 mesi, conformemente all'articolo 6, paragrafo 1, lettera f RGPD.<\/p>\n\n\n\n<h3>Moduli di contatto<\/h3>\n\n\n\n<p>Nel corso dell'elaborazione della sua richiesta sui nostri prodotti, trattiamo i dati che ci fornisce nel modulo di contatto. Se la vostra richiesta si riferisce anche ai prodotti dei nostri partner, i vostri dati possono essere trasmessi a loro per rispondere alla vostra richiesta. In questo caso, il trattamento si basa sull'articolo 6 (1) lit b e f RGPD, in quanto serve per avviare un contratto con noi ed \u00e8 nel nostro legittimo interesse. I suoi dati saranno conservati per il tempo necessario a elaborare la sua richiesta.<\/p>\n\n\n\n<h2>Cookies<\/h2>\n\n\n\n<p>Il nostro sito web utilizza i cookie. Si tratta di piccoli file di testo che vengono memorizzati sul vostro terminale tramite il browser. Ci sono due tipi principali di cookie: i cookie essenziali, che sono richiesti per il funzionamento di un sito web e i cookie non essenziali, che raccolgono statistiche di utilizzo, per esempio. I cookie essenziali sono memorizzati automaticamente sul suo computer o dispositivo come nel nostro legittimo interesse, i cookie non essenziali richiedono il suo consenso.<\/p>\n\n\n\n<p>Il nostro sito web utilizza solo cookie essenziali:<\/p>\n\n\n\n<figure class=\"wp-block-table\"><table><tbody><tr><td><strong>nome<\/strong><\/td><td><strong>Scopo<\/strong><\/td><td><strong>Periodo di conservazione<\/strong><\/td><\/tr><tr><td>pll_language<\/td><td>Questo cookie memorizza le impostazioni della lingua che lei ha selezionato.<\/td><td>1 anno<\/td><\/tr><\/tbody><\/table><\/figure>\n\n\n\n<p><\/p>\n\n\n\n<h2>I vostri diritti<\/h2>\n\n\n\n<p>Se trattiamo dati personali su di voi, avete i seguenti diritti secondo la legislazione europea e austriaca applicabile sulla protezione dei dati:<\/p>\n\n\n\n<ul><li>Informazioni<\/li><li>Rettifica<\/li><li>Cancellazione<\/li><li>Limitazione del trattamento<\/li><li>Trasferimento di dati<\/li><li>Obiezione<\/li><\/ul>\n\n\n\n<p>Se ritenete che il trattamento dei vostri dati sia in violazione della protezione dei dati, siete liberi di presentare un reclamo all'autorit\u00e0 austriaca per la protezione dei dati&nbsp;<a href=\"mailto:dsb@dsb.gv.at\">dsb@dsb.gv.at<\/a>.<\/p>","protected":false},"excerpt":{"rendered":"<p>Der Schutz Ihrer Privatsph\u00e4re und Ihrer personenbezogenen Daten ist uns ein besonderes Anliegen. In den folgenden Abschnitten werden Sie \u00fcber alle Datenverarbeitungsvorg\u00e4nge informiert, die auf unserer Webseite stattfinden. Wer ist f\u00fcr die Verarbeitung Ihrer Daten zust\u00e4ndig? F\u00fcr s\u00e4mtliche Daten, welche im Zuge Ihres Besuches auf unserer Website verarbeitet werden, ist RUBICON IT GmbH zust\u00e4ndig: RUBICON [&hellip;]<\/p>","protected":false},"author":1,"featured_media":0,"parent":0,"menu_order":0,"comment_status":"closed","ping_status":"closed","template":"","meta":[],"_links":{"self":[{"href":"https:\/\/verlustsache-fqa.rubicon.eu\/it\/wp-json\/wp\/v2\/pages\/3"}],"collection":[{"href":"https:\/\/verlustsache-fqa.rubicon.eu\/it\/wp-json\/wp\/v2\/pages"}],"about":[{"href":"https:\/\/verlustsache-fqa.rubicon.eu\/it\/wp-json\/wp\/v2\/types\/page"}],"author":[{"embeddable":true,"href":"https:\/\/verlustsache-fqa.rubicon.eu\/it\/wp-json\/wp\/v2\/users\/1"}],"replies":[{"embeddable":true,"href":"https:\/\/verlustsache-fqa.rubicon.eu\/it\/wp-json\/wp\/v2\/comments?post=3"}],"version-history":[{"count":2,"href":"https:\/\/verlustsache-fqa.rubicon.eu\/it\/wp-json\/wp\/v2\/pages\/3\/revisions"}],"predecessor-version":[{"id":972,"href":"https:\/\/verlustsache-fqa.rubicon.eu\/it\/wp-json\/wp\/v2\/pages\/3\/revisions\/972"}],"wp:attachment":[{"href":"https:\/\/verlustsache-fqa.rubicon.eu\/it\/wp-json\/wp\/v2\/media?parent=3"}],"curies":[{"name":"wp","href":"https:\/\/api.w.org\/{rel}","templated":true}]}}