{"id":382,"date":"2022-06-09T21:58:21","date_gmt":"2022-06-09T19:58:21","guid":{"rendered":"https:\/\/verlustsache-fqa.rubicon.eu\/?page_id=382"},"modified":"2022-06-11T13:09:43","modified_gmt":"2022-06-11T11:09:43","slug":"nutzungsbedingungen","status":"publish","type":"page","link":"https:\/\/verlustsache-fqa.rubicon.eu\/fr\/nutzungsbedingungen\/","title":{"rendered":"Conditions d'utilisation"},"content":{"rendered":"<h2>\u00a71 Domaine d\u2019application et \u00e9tablissement du contrat<\/h2>\n\n\n\n<p>L\u2019exploitant du site web&nbsp;<a href=\"https:\/\/verlustsache-fqa.rubicon.eu\/fr\/\">https:\/\/verlustsache-fqa.rubicon.eu\/<\/a>&nbsp;(ci-apr\u00e8s d\u00e9nomm\u00e9 \u00ab site web \u00bb) est la soci\u00e9t\u00e9 RUBICON IT GmbH, Gonzagagasse 16, A-1010 Vienne (ci-apr\u00e8s d\u00e9nomm\u00e9e \u00ab exploitant \u00bb).<\/p>\n\n\n\n<p>L\u2019utilisation du site web est soumise aux pr\u00e9sentes conditions d\u2019utilisation. En utilisant le site web, vous acceptez ces conditions g\u00e9n\u00e9rales.<\/p>\n\n\n\n<h2><strong>\u00a72 Restrictions d\u2019utilisation<\/strong><\/h2>\n\n\n\n<p>La copie, l\u2019\u00e9dition, la distribution, la reproduction publique ou toute autre forme d\u2019utilisation du contenu de ce site web \u00e0 des fins commerciales est interdite. Il est \u00e9galement interdit d\u2019extraire les informations, donn\u00e9es et applications r\u00e9cup\u00e9rables au moyen de syst\u00e8mes automatis\u00e9s ou de logiciels automatis\u00e9s et de distribuer, louer, transmettre \u00e0 des tiers ou utiliser les donn\u00e9es de toute autre mani\u00e8re \u00e0 des fins commerciales. En outre, tout acc\u00e8s au contenu du site web qui n\u2019est pas effectu\u00e9 via l\u2019interface utilisateur du site web est interdit.<\/p>\n\n\n\n<p>En cas de violation des pr\u00e9sentes conditions d\u2019utilisation, notamment en cas d\u2019utilisation abusive du site web, l\u2019acc\u00e8s peut \u00eatre limit\u00e9 ou compl\u00e8tement bloqu\u00e9 par l\u2019op\u00e9rateur. L\u2019op\u00e9rateur se r\u00e9serve le droit de faire valoir ses droits.<\/p>\n\n\n\n<h2><strong>\u00a73 Responsabilit\u00e9<\/strong><\/h2>\n\n\n\n<p>L\u2019op\u00e9rateur n\u2019assume aucune responsabilit\u00e9 quant \u00e0 l\u2019exhaustivit\u00e9, l\u2019exactitude et l\u2019actualit\u00e9 des informations fournies et se r\u00e9serve le droit de restreindre la disponibilit\u00e9 du site web. La responsabilit\u00e9 de l\u2019op\u00e9rateur est exclue dans la mesure permise par la loi.<\/p>\n\n\n\n<h2><strong>\u00a74 Clauses finales<\/strong><\/h2>\n\n\n\n<p>L\u2019op\u00e9rateur se r\u00e9serve le droit d\u2019apporter des am\u00e9liorations ou des modifications aux pr\u00e9sentes conditions d\u2019utilisation \u00e0 tout moment et sans pr\u00e9avis.<\/p>\n\n\n\n<p>Si une disposition des pr\u00e9sentes conditions d\u2019utilisation est ou devient invalide, cela n\u2019affectera pas la validit\u00e9 ou l\u2019applicabilit\u00e9 de toutes les autres dispositions. Dans ce cas, la disposition invalide est remplac\u00e9e par une disposition dont le contenu \u00e9conomique se rapproche le plus de cette disposition.<\/p>\n\n\n\n<p>Le droit autrichien s\u2019applique exclusivement \u00e0 l\u2019exclusion des r\u00e8gles de conflit de lois. L\u2019application de la Convention des Nations unies sur les contrats de vente internationale de marchandises est express\u00e9ment exclue.<\/p>\n\n\n\n<p>Pour les litiges en rapport avec les pr\u00e9sentes conditions d\u2019utilisation, le tribunal comp\u00e9tent de Vienne est seul comp\u00e9tent, \u00e0 condition qu\u2019il ne s\u2019agisse pas d\u2019une transaction de consommation au sens des dispositions applicables en mati\u00e8re de protection des consommateurs.<\/p>\n\n\n\n<p>Statut : janvier 2021<\/p>","protected":false},"excerpt":{"rendered":"<p>\u00a71 Anwendungsbereich und Vertragsabschluss Der Betreiber der Webseite&nbsp;https:\/\/verlustsache-fqa.rubicon.eu\/&nbsp;(weiter als \u201eWebseite\u201c bezeichnet) ist RUBICON IT GmbH, Gonzagagasse 16, A-1010 Wien (weiter als \u201eBetreiber\u201c bezeichnet). Die Nutzung der Webseite unterliegt diesen Nutzungsbedingungen. Mit der Nutzung der Webseite erkl\u00e4ren Sie sich mit dem Inhalt dieser Bedingungen einverstanden. \u00a72 Nutzungsbeschr\u00e4nkungen Die Vervielf\u00e4ltigung, Bearbeitung, Verbreitung, \u00f6ffentliche Wiedergabe oder jede sonstige [&hellip;]<\/p>","protected":false},"author":1,"featured_media":0,"parent":0,"menu_order":0,"comment_status":"closed","ping_status":"closed","template":"","meta":[],"_links":{"self":[{"href":"https:\/\/verlustsache-fqa.rubicon.eu\/fr\/wp-json\/wp\/v2\/pages\/382"}],"collection":[{"href":"https:\/\/verlustsache-fqa.rubicon.eu\/fr\/wp-json\/wp\/v2\/pages"}],"about":[{"href":"https:\/\/verlustsache-fqa.rubicon.eu\/fr\/wp-json\/wp\/v2\/types\/page"}],"author":[{"embeddable":true,"href":"https:\/\/verlustsache-fqa.rubicon.eu\/fr\/wp-json\/wp\/v2\/users\/1"}],"replies":[{"embeddable":true,"href":"https:\/\/verlustsache-fqa.rubicon.eu\/fr\/wp-json\/wp\/v2\/comments?post=382"}],"version-history":[{"count":0,"href":"https:\/\/verlustsache-fqa.rubicon.eu\/fr\/wp-json\/wp\/v2\/pages\/382\/revisions"}],"wp:attachment":[{"href":"https:\/\/verlustsache-fqa.rubicon.eu\/fr\/wp-json\/wp\/v2\/media?parent=382"}],"curies":[{"name":"wp","href":"https:\/\/api.w.org\/{rel}","templated":true}]}}