{"id":626,"date":"2022-06-11T16:30:00","date_gmt":"2022-06-11T14:30:00","guid":{"rendered":"https:\/\/verlustsache-fqa.rubicon.eu\/?page_id=626"},"modified":"2022-06-11T16:30:00","modified_gmt":"2022-06-11T14:30:00","slug":"barrierefreiheit","status":"publish","type":"page","link":"https:\/\/verlustsache-fqa.rubicon.eu\/en\/barrierefreiheit\/","title":{"rendered":"Accessibility"},"content":{"rendered":"<h2><strong>Declaration on accessibility<\/strong><\/h2>\n\n\n\n<p>We strive to make our website accessible in accordance with national legislation implementing Directive (EU) 2016\/2102 of the European Parliament and of the Council.<\/p>\n\n\n\n<p>This accessibility statement applies to the website <a href=\"https:\/\/verlustsache-fqa.rubicon.eu\/en\/\">https:\/\/verlustsache-fqa.rubicon.eu<\/a>.<\/p>\n\n\n\n<h2><strong>Status of compatibility with the requirements<\/strong><\/h2>\n\n\n\n<p>This website is fully compliant with compliance level AA of the \"Web Content Accessibility Guidelines - WCAG 2.1\" or with the applicable European Standard under Directive (EU) 2016\/2102 of the European Parliament and of the Council.<\/p>\n\n\n\n<h2><strong>Preparation of this Accessibility Statement<\/strong><\/h2>\n\n\n\n<p>This declaration was drawn up on 11.6.2022.<\/p>\n\n\n\n<p>The declaration was prepared on the basis of a self-assessment carried out by RUBICON IT GmbH<\/p>\n\n\n\n<p>The declaration was last reviewed on 11.6.2022.<\/p>\n\n\n\n<h2><strong>Feedback and contact<\/strong><\/h2>\n\n\n\n<p>Mail:\u00a0<a href=\"mailto:contact@nova-find.eu\">contact@nova-find.eu<\/a><\/p>\n\n\n\n<h2><strong>Enforcement proceedings<\/strong><\/h2>\n\n\n\n<p>If you do not receive satisfactory answers from the above contact option, you can contact the State Commissioner for Digital Accessibility:<\/p>\n\n\n\n<p><a href=\"https:\/\/www.berlin.de\/moderne-verwaltung\/barrierefreie-it\/anlaufstellen\/landesbeauftragte\/formular.989601.php\">https:\/\/www.berlin.de\/moderne-verwaltung\/barrierefreie-it\/anlaufstellen\/landesbeauftragte\/formular.989601.php<\/a><\/p>","protected":false},"excerpt":{"rendered":"<p>Erkl\u00e4rung zur Barrierefreiheit Wir sind bem\u00fcht, unsere Website im Einklang mit den nationalen Rechtsvorschriften zur Umsetzung der Richtlinie (EU) 2016\/2102 des Europ\u00e4ischen Parlaments und des Rates barrierefrei zug\u00e4nglich zu machen. Diese Erkl\u00e4rung zur Barrierefreiheit gilt f\u00fcr die Website https:\/\/verlustsache-fqa.rubicon.eu. Stand der Vereinbarkeit mit den Anforderungen Diese Website ist mit der Konformit\u00e4tsstufe AA der \u201eRichtlinien f\u00fcr [&hellip;]<\/p>","protected":false},"author":1,"featured_media":0,"parent":0,"menu_order":0,"comment_status":"closed","ping_status":"closed","template":"","meta":[],"_links":{"self":[{"href":"https:\/\/verlustsache-fqa.rubicon.eu\/en\/wp-json\/wp\/v2\/pages\/626"}],"collection":[{"href":"https:\/\/verlustsache-fqa.rubicon.eu\/en\/wp-json\/wp\/v2\/pages"}],"about":[{"href":"https:\/\/verlustsache-fqa.rubicon.eu\/en\/wp-json\/wp\/v2\/types\/page"}],"author":[{"embeddable":true,"href":"https:\/\/verlustsache-fqa.rubicon.eu\/en\/wp-json\/wp\/v2\/users\/1"}],"replies":[{"embeddable":true,"href":"https:\/\/verlustsache-fqa.rubicon.eu\/en\/wp-json\/wp\/v2\/comments?post=626"}],"version-history":[{"count":0,"href":"https:\/\/verlustsache-fqa.rubicon.eu\/en\/wp-json\/wp\/v2\/pages\/626\/revisions"}],"wp:attachment":[{"href":"https:\/\/verlustsache-fqa.rubicon.eu\/en\/wp-json\/wp\/v2\/media?parent=626"}],"curies":[{"name":"wp","href":"https:\/\/api.w.org\/{rel}","templated":true}]}}